{"id":34,"date":"2023-09-18T08:54:20","date_gmt":"2023-09-18T08:54:20","guid":{"rendered":"https:\/\/web4.rkinformatika.net\/monmartank\/?page_id=34"},"modified":"2024-02-25T11:48:18","modified_gmt":"2024-02-25T11:48:18","slug":"servicios","status":"publish","type":"page","link":"https:\/\/monmartank.com\/eu\/servicios\/","title":{"rendered":"Servicios"},"content":{"rendered":"\t\t<div data-elementor-type=\"wp-page\" data-elementor-id=\"34\" class=\"elementor elementor-34\" data-elementor-post-type=\"page\">\n\t\t\t\t\t\t<section class=\"elementor-section elementor-top-section elementor-element elementor-element-a1562af animated-slow elementor-section-boxed elementor-section-height-default elementor-section-height-default elementor-invisible\" data-id=\"a1562af\" data-element_type=\"section\" data-e-type=\"section\" data-settings=\"{&quot;animation&quot;:&quot;fadeInLeft&quot;}\">\n\t\t\t\t\t\t<div class=\"elementor-container elementor-column-gap-default\">\n\t\t\t\t\t<div class=\"elementor-column elementor-col-100 elementor-top-column elementor-element elementor-element-3c5f4fd\" data-id=\"3c5f4fd\" data-element_type=\"column\" data-e-type=\"column\">\n\t\t\t<div class=\"elementor-widget-wrap elementor-element-populated\">\n\t\t\t\t\t\t<div class=\"elementor-element elementor-element-8b2f42b elementor-widget elementor-widget-heading\" data-id=\"8b2f42b\" data-element_type=\"widget\" data-e-type=\"widget\" data-settings=\"{&quot;motion_fx_motion_fx_scrolling&quot;:&quot;yes&quot;,&quot;motion_fx_devices&quot;:[&quot;desktop&quot;,&quot;tablet&quot;,&quot;mobile&quot;]}\" data-widget_type=\"heading.default\">\n\t\t\t\t<div class=\"elementor-widget-container\">\n\t\t\t\t\t<h2 class=\"elementor-heading-title elementor-size-default\">Nuestros Servicios<\/h2>\t\t\t\t<\/div>\n\t\t\t\t<\/div>\n\t\t\t\t<div class=\"elementor-element elementor-element-ff3f21c elementor-widget elementor-widget-text-editor\" data-id=\"ff3f21c\" data-element_type=\"widget\" data-e-type=\"widget\" data-widget_type=\"text-editor.default\">\n\t\t\t\t<div class=\"elementor-widget-container\">\n\t\t\t\t\t\t\t\t\t<p>El transporte de mercanc\u00edas peligrosas requiere aprobaciones espec\u00edficas para garantizar la seguridad durante el transporte, lo que incluye la modificaci\u00f3n de veh\u00edculos y equipos para cumplir con las pautas de seguridad.<\/p><p>Existen regulaciones espec\u00edficas que gobiernan este transporte en cada pa\u00eds y en organizaciones internacionales. Las empresas que transportan mercanc\u00edas peligrosas deben emplear personal capacitado que est\u00e9 familiarizado con las regulaciones y los procedimientos para proteger a las personas y al medio ambiente.<\/p><p>Los materiales se clasifican de acuerdo con su peligro y deben ser empaquetados apropiadamente para evitar accidentes que podr\u00edan poner en peligro a las personas y el medio ambiente.<\/p>\t\t\t\t\t\t\t\t<\/div>\n\t\t\t\t<\/div>\n\t\t\t\t\t<\/div>\n\t\t<\/div>\n\t\t\t\t\t<\/div>\n\t\t<\/section>\n\t\t<div class=\"elementor-element elementor-element-702a516 e-flex e-con-boxed e-con e-parent\" data-id=\"702a516\" data-element_type=\"container\" data-e-type=\"container\">\n\t\t\t\t\t<div class=\"e-con-inner\">\n\t\t\t\t<div class=\"elementor-element elementor-element-7789699 elementor-widget elementor-widget-image\" data-id=\"7789699\" data-element_type=\"widget\" data-e-type=\"widget\" data-widget_type=\"image.default\">\n\t\t\t\t<div class=\"elementor-widget-container\">\n\t\t\t\t\t\t\t\t\t\t\t\t\t\t\t<img decoding=\"async\" src=\"https:\/\/monmartank.com\/wp-content\/uploads\/elementor\/thumbs\/20240209_111344-rotated-qkbss8cb3bnsc5c9yiacpuhl9nb7pcjcosrymhi66q.jpg\" title=\"20240209_111344\" alt=\"20240209_111344\" loading=\"lazy\" \/>\t\t\t\t\t\t\t\t\t\t\t\t\t\t\t<\/div>\n\t\t\t\t<\/div>\n\t\t\t\t<div class=\"elementor-element elementor-element-923e66e elementor-align-center elementor-widget elementor-widget-button\" data-id=\"923e66e\" data-element_type=\"widget\" data-e-type=\"widget\" data-settings=\"{&quot;motion_fx_motion_fx_scrolling&quot;:&quot;yes&quot;,&quot;motion_fx_motion_fx_mouse&quot;:&quot;yes&quot;,&quot;motion_fx_devices&quot;:[&quot;desktop&quot;,&quot;tablet&quot;,&quot;mobile&quot;]}\" data-widget_type=\"button.default\">\n\t\t\t\t<div class=\"elementor-widget-container\">\n\t\t\t\t\t\t\t\t\t<div class=\"elementor-button-wrapper\">\n\t\t\t\t\t<a class=\"elementor-button elementor-button-link elementor-size-lg\" href=\"https:\/\/monmartank.com\/index.php\/contacto\/\">\n\t\t\t\t\t\t<span class=\"elementor-button-content-wrapper\">\n\t\t\t\t\t\t<span class=\"elementor-button-icon\">\n\t\t\t\t<i aria-hidden=\"true\" class=\"jki jki-contact-form-light\"><\/i>\t\t\t<\/span>\n\t\t\t\t\t\t\t\t\t<span class=\"elementor-button-text\"> Cont\u00e1ctenos<\/span>\n\t\t\t\t\t<\/span>\n\t\t\t\t\t<\/a>\n\t\t\t\t<\/div>\n\t\t\t\t\t\t\t\t<\/div>\n\t\t\t\t<\/div>\n\t\t\t\t\t<\/div>\n\t\t\t\t<\/div>\n\t\t\t\t<\/div>\n\t\t","protected":false},"excerpt":{"rendered":"<p>Nuestros Servicios El transporte de mercanc\u00edas peligrosas requiere aprobaciones espec\u00edficas para garantizar la seguridad durante el transporte, lo que incluye la modificaci\u00f3n de veh\u00edculos y equipos para cumplir con las pautas de seguridad. Existen regulaciones espec\u00edficas que gobiernan este transporte en cada pa\u00eds y en organizaciones internacionales. Las empresas que transportan mercanc\u00edas peligrosas deben emplear [&hellip;]<\/p>\n","protected":false},"author":1,"featured_media":0,"parent":0,"menu_order":0,"comment_status":"closed","ping_status":"closed","template":"elementor_canvas","meta":{"footnotes":""},"class_list":["post-34","page","type-page","status-publish","hentry"],"yoast_head":"<!-- This site is optimized with the Yoast SEO plugin v27.5 - https:\/\/yoast.com\/product\/yoast-seo-wordpress\/ -->\n<title>Servicios - Montajes Marzo<\/title>\n<meta name=\"robots\" content=\"index, follow, max-snippet:-1, max-image-preview:large, max-video-preview:-1\" \/>\n<link rel=\"canonical\" href=\"https:\/\/monmartank.com\/eu\/servicios\/\" \/>\n<meta property=\"og:locale\" content=\"en_US\" \/>\n<meta property=\"og:type\" content=\"article\" \/>\n<meta property=\"og:title\" content=\"Servicios - Montajes Marzo\" \/>\n<meta property=\"og:description\" content=\"Nuestros Servicios El transporte de mercanc\u00edas peligrosas requiere aprobaciones espec\u00edficas para garantizar la seguridad durante el transporte, lo que incluye la modificaci\u00f3n de veh\u00edculos y equipos para cumplir con las pautas de seguridad. Existen regulaciones espec\u00edficas que gobiernan este transporte en cada pa\u00eds y en organizaciones internacionales. Las empresas que transportan mercanc\u00edas peligrosas deben emplear [&hellip;]\" \/>\n<meta property=\"og:url\" content=\"https:\/\/monmartank.com\/eu\/servicios\/\" \/>\n<meta property=\"og:site_name\" content=\"Montajes Marzo\" \/>\n<meta property=\"article:modified_time\" content=\"2024-02-25T11:48:18+00:00\" \/>\n<meta property=\"og:image\" content=\"https:\/\/monmartank.com\/wp-content\/uploads\/elementor\/thumbs\/20240209_111344-rotated-qkbss8cb3bnsc5c9yiacpuhl9nb7pcjcosrymhi66q.jpg\" \/>\n<meta name=\"twitter:card\" content=\"summary_large_image\" \/>\n<meta name=\"twitter:label1\" content=\"Est. reading time\" \/>\n\t<meta name=\"twitter:data1\" content=\"1 minutua\" \/>\n<script type=\"application\/ld+json\" class=\"yoast-schema-graph\">{\"@context\":\"https:\\\/\\\/schema.org\",\"@graph\":[{\"@type\":\"WebPage\",\"@id\":\"https:\\\/\\\/monmartank.com\\\/servicios\\\/\",\"url\":\"https:\\\/\\\/monmartank.com\\\/servicios\\\/\",\"name\":\"Servicios - Montajes Marzo\",\"isPartOf\":{\"@id\":\"https:\\\/\\\/monmartank.com\\\/#website\"},\"primaryImageOfPage\":{\"@id\":\"https:\\\/\\\/monmartank.com\\\/servicios\\\/#primaryimage\"},\"image\":{\"@id\":\"https:\\\/\\\/monmartank.com\\\/servicios\\\/#primaryimage\"},\"thumbnailUrl\":\"https:\\\/\\\/monmartank.com\\\/wp-content\\\/uploads\\\/elementor\\\/thumbs\\\/20240209_111344-rotated-qkbss8cb3bnsc5c9yiacpuhl9nb7pcjcosrymhi66q.jpg\",\"datePublished\":\"2023-09-18T08:54:20+00:00\",\"dateModified\":\"2024-02-25T11:48:18+00:00\",\"breadcrumb\":{\"@id\":\"https:\\\/\\\/monmartank.com\\\/servicios\\\/#breadcrumb\"},\"inLanguage\":\"eu\",\"potentialAction\":[{\"@type\":\"ReadAction\",\"target\":[\"https:\\\/\\\/monmartank.com\\\/servicios\\\/\"]}]},{\"@type\":\"ImageObject\",\"inLanguage\":\"eu\",\"@id\":\"https:\\\/\\\/monmartank.com\\\/servicios\\\/#primaryimage\",\"url\":\"https:\\\/\\\/monmartank.com\\\/wp-content\\\/uploads\\\/elementor\\\/thumbs\\\/20240209_111344-rotated-qkbss8cb3bnsc5c9yiacpuhl9nb7pcjcosrymhi66q.jpg\",\"contentUrl\":\"https:\\\/\\\/monmartank.com\\\/wp-content\\\/uploads\\\/elementor\\\/thumbs\\\/20240209_111344-rotated-qkbss8cb3bnsc5c9yiacpuhl9nb7pcjcosrymhi66q.jpg\"},{\"@type\":\"BreadcrumbList\",\"@id\":\"https:\\\/\\\/monmartank.com\\\/servicios\\\/#breadcrumb\",\"itemListElement\":[{\"@type\":\"ListItem\",\"position\":1,\"name\":\"Portada\",\"item\":\"https:\\\/\\\/monmartank.com\\\/\"},{\"@type\":\"ListItem\",\"position\":2,\"name\":\"Servicios\"}]},{\"@type\":\"WebSite\",\"@id\":\"https:\\\/\\\/monmartank.com\\\/#website\",\"url\":\"https:\\\/\\\/monmartank.com\\\/\",\"name\":\"Montajes Marzo\",\"description\":\"Revisiones periodicas y reparaci\u00f3n de contenedores Cisterna\",\"publisher\":{\"@id\":\"https:\\\/\\\/monmartank.com\\\/#organization\"},\"potentialAction\":[{\"@type\":\"SearchAction\",\"target\":{\"@type\":\"EntryPoint\",\"urlTemplate\":\"https:\\\/\\\/monmartank.com\\\/?s={search_term_string}\"},\"query-input\":{\"@type\":\"PropertyValueSpecification\",\"valueRequired\":true,\"valueName\":\"search_term_string\"}}],\"inLanguage\":\"eu\"},{\"@type\":\"Organization\",\"@id\":\"https:\\\/\\\/monmartank.com\\\/#organization\",\"name\":\"Montajes Marzo\",\"url\":\"https:\\\/\\\/monmartank.com\\\/\",\"logo\":{\"@type\":\"ImageObject\",\"inLanguage\":\"eu\",\"@id\":\"https:\\\/\\\/monmartank.com\\\/#\\\/schema\\\/logo\\\/image\\\/\",\"url\":\"https:\\\/\\\/monmartank.com\\\/wp-content\\\/uploads\\\/2023\\\/09\\\/cropped-3-Juan-Manuel-Marzo-01.png\",\"contentUrl\":\"https:\\\/\\\/monmartank.com\\\/wp-content\\\/uploads\\\/2023\\\/09\\\/cropped-3-Juan-Manuel-Marzo-01.png\",\"width\":746,\"height\":770,\"caption\":\"Montajes Marzo\"},\"image\":{\"@id\":\"https:\\\/\\\/monmartank.com\\\/#\\\/schema\\\/logo\\\/image\\\/\"}}]}<\/script>\n<!-- \/ Yoast SEO plugin. -->","yoast_head_json":{"title":"Servicios - Montajes Marzo","robots":{"index":"index","follow":"follow","max-snippet":"max-snippet:-1","max-image-preview":"max-image-preview:large","max-video-preview":"max-video-preview:-1"},"canonical":"https:\/\/monmartank.com\/eu\/servicios\/","og_locale":"en_US","og_type":"article","og_title":"Servicios - Montajes Marzo","og_description":"Nuestros Servicios El transporte de mercanc\u00edas peligrosas requiere aprobaciones espec\u00edficas para garantizar la seguridad durante el transporte, lo que incluye la modificaci\u00f3n de veh\u00edculos y equipos para cumplir con las pautas de seguridad. Existen regulaciones espec\u00edficas que gobiernan este transporte en cada pa\u00eds y en organizaciones internacionales. Las empresas que transportan mercanc\u00edas peligrosas deben emplear [&hellip;]","og_url":"https:\/\/monmartank.com\/eu\/servicios\/","og_site_name":"Montajes Marzo","article_modified_time":"2024-02-25T11:48:18+00:00","og_image":[{"url":"https:\/\/monmartank.com\/wp-content\/uploads\/elementor\/thumbs\/20240209_111344-rotated-qkbss8cb3bnsc5c9yiacpuhl9nb7pcjcosrymhi66q.jpg","type":"","width":"","height":""}],"twitter_card":"summary_large_image","twitter_misc":{"Est. reading time":"1 minutua"},"schema":{"@context":"https:\/\/schema.org","@graph":[{"@type":"WebPage","@id":"https:\/\/monmartank.com\/servicios\/","url":"https:\/\/monmartank.com\/servicios\/","name":"Servicios - Montajes Marzo","isPartOf":{"@id":"https:\/\/monmartank.com\/#website"},"primaryImageOfPage":{"@id":"https:\/\/monmartank.com\/servicios\/#primaryimage"},"image":{"@id":"https:\/\/monmartank.com\/servicios\/#primaryimage"},"thumbnailUrl":"https:\/\/monmartank.com\/wp-content\/uploads\/elementor\/thumbs\/20240209_111344-rotated-qkbss8cb3bnsc5c9yiacpuhl9nb7pcjcosrymhi66q.jpg","datePublished":"2023-09-18T08:54:20+00:00","dateModified":"2024-02-25T11:48:18+00:00","breadcrumb":{"@id":"https:\/\/monmartank.com\/servicios\/#breadcrumb"},"inLanguage":"eu","potentialAction":[{"@type":"ReadAction","target":["https:\/\/monmartank.com\/servicios\/"]}]},{"@type":"ImageObject","inLanguage":"eu","@id":"https:\/\/monmartank.com\/servicios\/#primaryimage","url":"https:\/\/monmartank.com\/wp-content\/uploads\/elementor\/thumbs\/20240209_111344-rotated-qkbss8cb3bnsc5c9yiacpuhl9nb7pcjcosrymhi66q.jpg","contentUrl":"https:\/\/monmartank.com\/wp-content\/uploads\/elementor\/thumbs\/20240209_111344-rotated-qkbss8cb3bnsc5c9yiacpuhl9nb7pcjcosrymhi66q.jpg"},{"@type":"BreadcrumbList","@id":"https:\/\/monmartank.com\/servicios\/#breadcrumb","itemListElement":[{"@type":"ListItem","position":1,"name":"Portada","item":"https:\/\/monmartank.com\/"},{"@type":"ListItem","position":2,"name":"Servicios"}]},{"@type":"WebSite","@id":"https:\/\/monmartank.com\/#website","url":"https:\/\/monmartank.com\/","name":"Montajes Marzo","description":"Revisiones periodicas y reparaci\u00f3n de contenedores Cisterna","publisher":{"@id":"https:\/\/monmartank.com\/#organization"},"potentialAction":[{"@type":"SearchAction","target":{"@type":"EntryPoint","urlTemplate":"https:\/\/monmartank.com\/?s={search_term_string}"},"query-input":{"@type":"PropertyValueSpecification","valueRequired":true,"valueName":"search_term_string"}}],"inLanguage":"eu"},{"@type":"Organization","@id":"https:\/\/monmartank.com\/#organization","name":"Montajes Marzo","url":"https:\/\/monmartank.com\/","logo":{"@type":"ImageObject","inLanguage":"eu","@id":"https:\/\/monmartank.com\/#\/schema\/logo\/image\/","url":"https:\/\/monmartank.com\/wp-content\/uploads\/2023\/09\/cropped-3-Juan-Manuel-Marzo-01.png","contentUrl":"https:\/\/monmartank.com\/wp-content\/uploads\/2023\/09\/cropped-3-Juan-Manuel-Marzo-01.png","width":746,"height":770,"caption":"Montajes Marzo"},"image":{"@id":"https:\/\/monmartank.com\/#\/schema\/logo\/image\/"}}]}},"_links":{"self":[{"href":"https:\/\/monmartank.com\/eu\/wp-json\/wp\/v2\/pages\/34","targetHints":{"allow":["GET"]}}],"collection":[{"href":"https:\/\/monmartank.com\/eu\/wp-json\/wp\/v2\/pages"}],"about":[{"href":"https:\/\/monmartank.com\/eu\/wp-json\/wp\/v2\/types\/page"}],"author":[{"embeddable":true,"href":"https:\/\/monmartank.com\/eu\/wp-json\/wp\/v2\/users\/1"}],"replies":[{"embeddable":true,"href":"https:\/\/monmartank.com\/eu\/wp-json\/wp\/v2\/comments?post=34"}],"version-history":[{"count":49,"href":"https:\/\/monmartank.com\/eu\/wp-json\/wp\/v2\/pages\/34\/revisions"}],"predecessor-version":[{"id":753,"href":"https:\/\/monmartank.com\/eu\/wp-json\/wp\/v2\/pages\/34\/revisions\/753"}],"wp:attachment":[{"href":"https:\/\/monmartank.com\/eu\/wp-json\/wp\/v2\/media?parent=34"}],"curies":[{"name":"wp","href":"https:\/\/api.w.org\/{rel}","templated":true}]}}