{"id":565,"date":"2023-11-06T09:43:30","date_gmt":"2023-11-06T09:43:30","guid":{"rendered":"https:\/\/web4.rkinformatika.net\/monmartank\/?page_id=565"},"modified":"2024-02-25T12:06:38","modified_gmt":"2024-02-25T12:06:38","slug":"contenedores-cisternas","status":"publish","type":"page","link":"https:\/\/monmartank.com\/eu\/contenedores-cisternas\/","title":{"rendered":"Contenedores \/ Cisternas"},"content":{"rendered":"<div data-elementor-type=\"wp-page\" data-elementor-id=\"565\" class=\"elementor elementor-565\" data-elementor-post-type=\"page\">\n\t\t\t\t<div class=\"elementor-element elementor-element-a560921 e-flex e-con-boxed e-con e-parent\" data-id=\"a560921\" data-element_type=\"container\" data-e-type=\"container\">\n\t\t\t\t\t<div class=\"e-con-inner\">\n\t\t<div class=\"elementor-element elementor-element-d7a2228 e-con-full e-flex e-con e-child\" data-id=\"d7a2228\" data-element_type=\"container\" data-e-type=\"container\">\n\t\t\t\t<div class=\"elementor-element elementor-element-4ce8d16 elementor-widget elementor-widget-heading\" data-id=\"4ce8d16\" data-element_type=\"widget\" data-e-type=\"widget\" data-widget_type=\"heading.default\">\n\t\t\t\t<div class=\"elementor-widget-container\">\n\t\t\t\t\t<h2 class=\"elementor-heading-title elementor-size-default\">Cisternas<\/h2>\t\t\t\t<\/div>\n\t\t\t\t<\/div>\n\t\t\t\t<div class=\"elementor-element elementor-element-fc4bd2e elementor-widget elementor-widget-text-editor\" data-id=\"fc4bd2e\" data-element_type=\"widget\" data-e-type=\"widget\" data-widget_type=\"text-editor.default\">\n\t\t\t\t<div class=\"elementor-widget-container\">\n\t\t\t\t\t\t\t\t\t<p>En MonmarTank realizamos pruebas peri\u00f3dicas a contenedores cisterna y cisternas port\u00e1tiles para el transporte de mercanc\u00edas peligrosas de acuerdo a las distintas normativas ADR, IMDG y CSC, incluyendo la revisi\u00f3n de valvuler\u00eda, tarado de v\u00e1lvulas de seguridad, reparaci\u00f3n estructural de contenedores, rotulado, etc&#8230;<\/p>\t\t\t\t\t\t\t\t<\/div>\n\t\t\t\t<\/div>\n\t\t\t\t<\/div>\n\t\t<div class=\"elementor-element elementor-element-e4282b2 e-con-full e-flex e-con e-child\" data-id=\"e4282b2\" data-element_type=\"container\" data-e-type=\"container\">\n\t\t\t\t<div class=\"elementor-element elementor-element-b4d1313 elementor-widget elementor-widget-image\" data-id=\"b4d1313\" data-element_type=\"widget\" data-e-type=\"widget\" data-widget_type=\"image.default\">\n\t\t\t\t<div class=\"elementor-widget-container\">\n\t\t\t\t\t\t\t\t\t\t\t\t\t\t\t<img fetchpriority=\"high\" decoding=\"async\" width=\"1536\" height=\"1152\" src=\"https:\/\/monmartank.com\/wp-content\/uploads\/2024\/02\/20240209_111314-1536x1152.jpg\" class=\"attachment-1536x1536 size-1536x1536 wp-image-730\" alt=\"\" srcset=\"https:\/\/monmartank.com\/wp-content\/uploads\/2024\/02\/20240209_111314-1536x1152.jpg 1536w, https:\/\/monmartank.com\/wp-content\/uploads\/2024\/02\/20240209_111314-300x225.jpg 300w, https:\/\/monmartank.com\/wp-content\/uploads\/2024\/02\/20240209_111314-1024x768.jpg 1024w, https:\/\/monmartank.com\/wp-content\/uploads\/2024\/02\/20240209_111314-768x576.jpg 768w, https:\/\/monmartank.com\/wp-content\/uploads\/2024\/02\/20240209_111314-16x12.jpg 16w, https:\/\/monmartank.com\/wp-content\/uploads\/2024\/02\/20240209_111314.jpg 2000w\" sizes=\"(max-width: 1536px) 100vw, 1536px\" \/>\t\t\t\t\t\t\t\t\t\t\t\t\t\t\t<\/div>\n\t\t\t\t<\/div>\n\t\t\t\t<\/div>\n\t\t\t\t\t<\/div>\n\t\t\t\t<\/div>\n\t\t\t\t<\/div>","protected":false},"excerpt":{"rendered":"<p>Cisternas En MonmarTank realizamos pruebas peri\u00f3dicas a contenedores cisterna y cisternas port\u00e1tiles para el transporte de mercanc\u00edas peligrosas de acuerdo a las distintas normativas ADR, IMDG y CSC, incluyendo la revisi\u00f3n de valvuler\u00eda, tarado de v\u00e1lvulas de seguridad, reparaci\u00f3n estructural de contenedores, rotulado, etc&#8230;<\/p>","protected":false},"author":1,"featured_media":0,"parent":0,"menu_order":0,"comment_status":"closed","ping_status":"closed","template":"elementor_canvas","meta":{"footnotes":""},"class_list":["post-565","page","type-page","status-publish","hentry"],"yoast_head":"<!-- This site is optimized with the Yoast SEO plugin v27.5 - https:\/\/yoast.com\/product\/yoast-seo-wordpress\/ -->\n<title>Contenedores \/ Cisternas - Montajes Marzo<\/title>\n<meta name=\"robots\" content=\"index, follow, max-snippet:-1, max-image-preview:large, max-video-preview:-1\" \/>\n<link rel=\"canonical\" href=\"https:\/\/monmartank.com\/eu\/contenedores-cisternas\/\" \/>\n<meta property=\"og:locale\" content=\"en_US\" \/>\n<meta property=\"og:type\" content=\"article\" \/>\n<meta property=\"og:title\" content=\"Contenedores \/ Cisternas - Montajes Marzo\" \/>\n<meta property=\"og:description\" content=\"Cisternas En MonmarTank realizamos pruebas peri\u00f3dicas a contenedores cisterna y cisternas port\u00e1tiles para el transporte de mercanc\u00edas peligrosas de acuerdo a las distintas normativas ADR, IMDG y CSC, incluyendo la revisi\u00f3n de valvuler\u00eda, tarado de v\u00e1lvulas de seguridad, reparaci\u00f3n estructural de contenedores, rotulado, etc&#8230;\" \/>\n<meta property=\"og:url\" content=\"https:\/\/monmartank.com\/eu\/contenedores-cisternas\/\" \/>\n<meta property=\"og:site_name\" content=\"Montajes Marzo\" \/>\n<meta property=\"article:modified_time\" content=\"2024-02-25T12:06:38+00:00\" \/>\n<meta property=\"og:image\" content=\"https:\/\/monmartank.com\/wp-content\/uploads\/2024\/02\/20240209_111314-1536x1152.jpg\" \/>\n<meta name=\"twitter:card\" content=\"summary_large_image\" \/>\n<meta name=\"twitter:label1\" content=\"Est. reading time\" \/>\n\t<meta name=\"twitter:data1\" content=\"1 minutua\" \/>\n<script type=\"application\/ld+json\" class=\"yoast-schema-graph\">{\"@context\":\"https:\\\/\\\/schema.org\",\"@graph\":[{\"@type\":\"WebPage\",\"@id\":\"https:\\\/\\\/monmartank.com\\\/contenedores-cisternas\\\/\",\"url\":\"https:\\\/\\\/monmartank.com\\\/contenedores-cisternas\\\/\",\"name\":\"Contenedores \\\/ Cisternas - Montajes Marzo\",\"isPartOf\":{\"@id\":\"https:\\\/\\\/monmartank.com\\\/#website\"},\"primaryImageOfPage\":{\"@id\":\"https:\\\/\\\/monmartank.com\\\/contenedores-cisternas\\\/#primaryimage\"},\"image\":{\"@id\":\"https:\\\/\\\/monmartank.com\\\/contenedores-cisternas\\\/#primaryimage\"},\"thumbnailUrl\":\"https:\\\/\\\/monmartank.com\\\/wp-content\\\/uploads\\\/2024\\\/02\\\/20240209_111314-1536x1152.jpg\",\"datePublished\":\"2023-11-06T09:43:30+00:00\",\"dateModified\":\"2024-02-25T12:06:38+00:00\",\"breadcrumb\":{\"@id\":\"https:\\\/\\\/monmartank.com\\\/contenedores-cisternas\\\/#breadcrumb\"},\"inLanguage\":\"eu\",\"potentialAction\":[{\"@type\":\"ReadAction\",\"target\":[\"https:\\\/\\\/monmartank.com\\\/contenedores-cisternas\\\/\"]}]},{\"@type\":\"ImageObject\",\"inLanguage\":\"eu\",\"@id\":\"https:\\\/\\\/monmartank.com\\\/contenedores-cisternas\\\/#primaryimage\",\"url\":\"https:\\\/\\\/monmartank.com\\\/wp-content\\\/uploads\\\/2024\\\/02\\\/20240209_111314-1536x1152.jpg\",\"contentUrl\":\"https:\\\/\\\/monmartank.com\\\/wp-content\\\/uploads\\\/2024\\\/02\\\/20240209_111314-1536x1152.jpg\"},{\"@type\":\"BreadcrumbList\",\"@id\":\"https:\\\/\\\/monmartank.com\\\/contenedores-cisternas\\\/#breadcrumb\",\"itemListElement\":[{\"@type\":\"ListItem\",\"position\":1,\"name\":\"Portada\",\"item\":\"https:\\\/\\\/monmartank.com\\\/\"},{\"@type\":\"ListItem\",\"position\":2,\"name\":\"Contenedores \\\/ Cisternas\"}]},{\"@type\":\"WebSite\",\"@id\":\"https:\\\/\\\/monmartank.com\\\/#website\",\"url\":\"https:\\\/\\\/monmartank.com\\\/\",\"name\":\"Montajes Marzo\",\"description\":\"Revisiones periodicas y reparaci\u00f3n de contenedores Cisterna\",\"publisher\":{\"@id\":\"https:\\\/\\\/monmartank.com\\\/#organization\"},\"potentialAction\":[{\"@type\":\"SearchAction\",\"target\":{\"@type\":\"EntryPoint\",\"urlTemplate\":\"https:\\\/\\\/monmartank.com\\\/?s={search_term_string}\"},\"query-input\":{\"@type\":\"PropertyValueSpecification\",\"valueRequired\":true,\"valueName\":\"search_term_string\"}}],\"inLanguage\":\"eu\"},{\"@type\":\"Organization\",\"@id\":\"https:\\\/\\\/monmartank.com\\\/#organization\",\"name\":\"Montajes Marzo\",\"url\":\"https:\\\/\\\/monmartank.com\\\/\",\"logo\":{\"@type\":\"ImageObject\",\"inLanguage\":\"eu\",\"@id\":\"https:\\\/\\\/monmartank.com\\\/#\\\/schema\\\/logo\\\/image\\\/\",\"url\":\"https:\\\/\\\/monmartank.com\\\/wp-content\\\/uploads\\\/2023\\\/09\\\/cropped-3-Juan-Manuel-Marzo-01.png\",\"contentUrl\":\"https:\\\/\\\/monmartank.com\\\/wp-content\\\/uploads\\\/2023\\\/09\\\/cropped-3-Juan-Manuel-Marzo-01.png\",\"width\":746,\"height\":770,\"caption\":\"Montajes Marzo\"},\"image\":{\"@id\":\"https:\\\/\\\/monmartank.com\\\/#\\\/schema\\\/logo\\\/image\\\/\"}}]}<\/script>\n<!-- \/ Yoast SEO plugin. -->","yoast_head_json":{"title":"Contenedores \/ Cisternas - Montajes Marzo","robots":{"index":"index","follow":"follow","max-snippet":"max-snippet:-1","max-image-preview":"max-image-preview:large","max-video-preview":"max-video-preview:-1"},"canonical":"https:\/\/monmartank.com\/eu\/contenedores-cisternas\/","og_locale":"en_US","og_type":"article","og_title":"Contenedores \/ Cisternas - Montajes Marzo","og_description":"Cisternas En MonmarTank realizamos pruebas peri\u00f3dicas a contenedores cisterna y cisternas port\u00e1tiles para el transporte de mercanc\u00edas peligrosas de acuerdo a las distintas normativas ADR, IMDG y CSC, incluyendo la revisi\u00f3n de valvuler\u00eda, tarado de v\u00e1lvulas de seguridad, reparaci\u00f3n estructural de contenedores, rotulado, etc&#8230;","og_url":"https:\/\/monmartank.com\/eu\/contenedores-cisternas\/","og_site_name":"Montajes Marzo","article_modified_time":"2024-02-25T12:06:38+00:00","og_image":[{"url":"https:\/\/monmartank.com\/wp-content\/uploads\/2024\/02\/20240209_111314-1536x1152.jpg","type":"","width":"","height":""}],"twitter_card":"summary_large_image","twitter_misc":{"Est. reading time":"1 minutua"},"schema":{"@context":"https:\/\/schema.org","@graph":[{"@type":"WebPage","@id":"https:\/\/monmartank.com\/contenedores-cisternas\/","url":"https:\/\/monmartank.com\/contenedores-cisternas\/","name":"Contenedores \/ Cisternas - Montajes Marzo","isPartOf":{"@id":"https:\/\/monmartank.com\/#website"},"primaryImageOfPage":{"@id":"https:\/\/monmartank.com\/contenedores-cisternas\/#primaryimage"},"image":{"@id":"https:\/\/monmartank.com\/contenedores-cisternas\/#primaryimage"},"thumbnailUrl":"https:\/\/monmartank.com\/wp-content\/uploads\/2024\/02\/20240209_111314-1536x1152.jpg","datePublished":"2023-11-06T09:43:30+00:00","dateModified":"2024-02-25T12:06:38+00:00","breadcrumb":{"@id":"https:\/\/monmartank.com\/contenedores-cisternas\/#breadcrumb"},"inLanguage":"eu","potentialAction":[{"@type":"ReadAction","target":["https:\/\/monmartank.com\/contenedores-cisternas\/"]}]},{"@type":"ImageObject","inLanguage":"eu","@id":"https:\/\/monmartank.com\/contenedores-cisternas\/#primaryimage","url":"https:\/\/monmartank.com\/wp-content\/uploads\/2024\/02\/20240209_111314-1536x1152.jpg","contentUrl":"https:\/\/monmartank.com\/wp-content\/uploads\/2024\/02\/20240209_111314-1536x1152.jpg"},{"@type":"BreadcrumbList","@id":"https:\/\/monmartank.com\/contenedores-cisternas\/#breadcrumb","itemListElement":[{"@type":"ListItem","position":1,"name":"Portada","item":"https:\/\/monmartank.com\/"},{"@type":"ListItem","position":2,"name":"Contenedores \/ Cisternas"}]},{"@type":"WebSite","@id":"https:\/\/monmartank.com\/#website","url":"https:\/\/monmartank.com\/","name":"Montajes Marzo","description":"Revisiones periodicas y reparaci\u00f3n de contenedores Cisterna","publisher":{"@id":"https:\/\/monmartank.com\/#organization"},"potentialAction":[{"@type":"SearchAction","target":{"@type":"EntryPoint","urlTemplate":"https:\/\/monmartank.com\/?s={search_term_string}"},"query-input":{"@type":"PropertyValueSpecification","valueRequired":true,"valueName":"search_term_string"}}],"inLanguage":"eu"},{"@type":"Organization","@id":"https:\/\/monmartank.com\/#organization","name":"Montajes Marzo","url":"https:\/\/monmartank.com\/","logo":{"@type":"ImageObject","inLanguage":"eu","@id":"https:\/\/monmartank.com\/#\/schema\/logo\/image\/","url":"https:\/\/monmartank.com\/wp-content\/uploads\/2023\/09\/cropped-3-Juan-Manuel-Marzo-01.png","contentUrl":"https:\/\/monmartank.com\/wp-content\/uploads\/2023\/09\/cropped-3-Juan-Manuel-Marzo-01.png","width":746,"height":770,"caption":"Montajes Marzo"},"image":{"@id":"https:\/\/monmartank.com\/#\/schema\/logo\/image\/"}}]}},"_links":{"self":[{"href":"https:\/\/monmartank.com\/eu\/wp-json\/wp\/v2\/pages\/565","targetHints":{"allow":["GET"]}}],"collection":[{"href":"https:\/\/monmartank.com\/eu\/wp-json\/wp\/v2\/pages"}],"about":[{"href":"https:\/\/monmartank.com\/eu\/wp-json\/wp\/v2\/types\/page"}],"author":[{"embeddable":true,"href":"https:\/\/monmartank.com\/eu\/wp-json\/wp\/v2\/users\/1"}],"replies":[{"embeddable":true,"href":"https:\/\/monmartank.com\/eu\/wp-json\/wp\/v2\/comments?post=565"}],"version-history":[{"count":34,"href":"https:\/\/monmartank.com\/eu\/wp-json\/wp\/v2\/pages\/565\/revisions"}],"predecessor-version":[{"id":770,"href":"https:\/\/monmartank.com\/eu\/wp-json\/wp\/v2\/pages\/565\/revisions\/770"}],"wp:attachment":[{"href":"https:\/\/monmartank.com\/eu\/wp-json\/wp\/v2\/media?parent=565"}],"curies":[{"name":"wp","href":"https:\/\/api.w.org\/{rel}","templated":true}]}}