{"id":566,"date":"2023-11-06T09:43:44","date_gmt":"2023-11-06T09:43:44","guid":{"rendered":"https:\/\/web4.rkinformatika.net\/monmartank\/?page_id=566"},"modified":"2024-02-25T11:07:03","modified_gmt":"2024-02-25T11:07:03","slug":"certificaciones-homologaciones","status":"publish","type":"page","link":"https:\/\/monmartank.com\/eu\/certificaciones-homologaciones\/","title":{"rendered":"Certificaciones \/ Homologaciones"},"content":{"rendered":"<div data-elementor-type=\"wp-page\" data-elementor-id=\"566\" class=\"elementor elementor-566\" data-elementor-post-type=\"page\">\n\t\t\t\t<div class=\"elementor-element elementor-element-403ee2f e-flex e-con-boxed e-con e-parent\" data-id=\"403ee2f\" data-element_type=\"container\" data-e-type=\"container\">\n\t\t\t\t\t<div class=\"e-con-inner\">\n\t\t<div class=\"elementor-element elementor-element-1baa78f e-con-full e-flex e-con e-child\" data-id=\"1baa78f\" data-element_type=\"container\" data-e-type=\"container\">\n\t\t\t\t<div class=\"elementor-element elementor-element-e758004 elementor-widget elementor-widget-heading\" data-id=\"e758004\" data-element_type=\"widget\" data-e-type=\"widget\" data-widget_type=\"heading.default\">\n\t\t\t\t<div class=\"elementor-widget-container\">\n\t\t\t\t\t<h2 class=\"elementor-heading-title elementor-size-default\">Certificaciones<\/h2>\t\t\t\t<\/div>\n\t\t\t\t<\/div>\n\t\t\t\t<div class=\"elementor-element elementor-element-17c94fd elementor-widget elementor-widget-text-editor\" data-id=\"17c94fd\" data-element_type=\"widget\" data-e-type=\"widget\" data-widget_type=\"text-editor.default\">\n\t\t\t\t<div class=\"elementor-widget-container\">\n\t\t\t\t\t\t\t\t\t<ul>\n<li>Taller homologado Ph\u00f6nix<\/li>\n<li>Calibraci\u00f3n de V\u00e1lvulas de Seguridad<\/li><li>Certificaciones de Soldadura<\/li>\n<\/ul>\t\t\t\t\t\t\t\t<\/div>\n\t\t\t\t<\/div>\n\t\t\t\t<\/div>\n\t\t<div class=\"elementor-element elementor-element-dff8264 e-flex e-con-boxed e-con e-child\" data-id=\"dff8264\" data-element_type=\"container\" data-e-type=\"container\">\n\t\t\t\t\t<div class=\"e-con-inner\">\n\t\t<div class=\"elementor-element elementor-element-bd0f9c9 e-con-full e-flex e-con e-child\" data-id=\"bd0f9c9\" data-element_type=\"container\" data-e-type=\"container\">\n\t\t\t\t<div class=\"elementor-element elementor-element-ffd8398 elementor-widget elementor-widget-image\" data-id=\"ffd8398\" data-element_type=\"widget\" data-e-type=\"widget\" data-widget_type=\"image.default\">\n\t\t\t\t<div class=\"elementor-widget-container\">\n\t\t\t\t\t\t\t\t\t\t\t\t\t\t\t<img fetchpriority=\"high\" decoding=\"async\" width=\"229\" height=\"300\" src=\"https:\/\/monmartank.com\/wp-content\/uploads\/2024\/02\/Phonix-229x300.png\" class=\"attachment-medium size-medium wp-image-725\" alt=\"\" srcset=\"https:\/\/monmartank.com\/wp-content\/uploads\/2024\/02\/Phonix-229x300.png 229w, https:\/\/monmartank.com\/wp-content\/uploads\/2024\/02\/Phonix-9x12.png 9w, https:\/\/monmartank.com\/wp-content\/uploads\/2024\/02\/Phonix.png 550w\" sizes=\"(max-width: 229px) 100vw, 229px\" \/>\t\t\t\t\t\t\t\t\t\t\t\t\t\t\t<\/div>\n\t\t\t\t<\/div>\n\t\t\t\t<\/div>\n\t\t\t\t\t<\/div>\n\t\t\t\t<\/div>\n\t\t\t\t<div class=\"elementor-element elementor-element-7eb3b3b elementor-widget elementor-widget-image\" data-id=\"7eb3b3b\" data-element_type=\"widget\" data-e-type=\"widget\" data-widget_type=\"image.default\">\n\t\t\t\t<div class=\"elementor-widget-container\">\n\t\t\t\t\t\t\t\t\t\t\t\t\t\t\t<img decoding=\"async\" width=\"800\" height=\"536\" src=\"https:\/\/monmartank.com\/wp-content\/uploads\/2024\/02\/Soldadura-1024x686.jpg\" class=\"attachment-large size-large wp-image-726\" alt=\"\" srcset=\"https:\/\/monmartank.com\/wp-content\/uploads\/2024\/02\/Soldadura-1024x686.jpg 1024w, https:\/\/monmartank.com\/wp-content\/uploads\/2024\/02\/Soldadura-300x201.jpg 300w, https:\/\/monmartank.com\/wp-content\/uploads\/2024\/02\/Soldadura-768x515.jpg 768w, https:\/\/monmartank.com\/wp-content\/uploads\/2024\/02\/Soldadura-18x12.jpg 18w, https:\/\/monmartank.com\/wp-content\/uploads\/2024\/02\/Soldadura.jpg 1347w\" sizes=\"(max-width: 800px) 100vw, 800px\" \/>\t\t\t\t\t\t\t\t\t\t\t\t\t\t\t<\/div>\n\t\t\t\t<\/div>\n\t\t\t\t\t<\/div>\n\t\t\t\t<\/div>\n\t\t\t\t<\/div>","protected":false},"excerpt":{"rendered":"<p>Certificaciones Taller homologado Ph\u00f6nix Calibraci\u00f3n de V\u00e1lvulas de Seguridad Certificaciones de Soldadura<\/p>","protected":false},"author":1,"featured_media":0,"parent":0,"menu_order":0,"comment_status":"closed","ping_status":"closed","template":"elementor_canvas","meta":{"footnotes":""},"class_list":["post-566","page","type-page","status-publish","hentry"],"yoast_head":"<!-- This site is optimized with the Yoast SEO plugin v27.5 - https:\/\/yoast.com\/product\/yoast-seo-wordpress\/ -->\n<title>Certificaciones \/ Homologaciones - Montajes Marzo<\/title>\n<meta name=\"robots\" content=\"index, follow, max-snippet:-1, max-image-preview:large, max-video-preview:-1\" \/>\n<link rel=\"canonical\" href=\"https:\/\/monmartank.com\/eu\/certificaciones-homologaciones\/\" \/>\n<meta property=\"og:locale\" content=\"en_US\" \/>\n<meta property=\"og:type\" content=\"article\" \/>\n<meta property=\"og:title\" content=\"Certificaciones \/ Homologaciones - Montajes Marzo\" \/>\n<meta property=\"og:description\" content=\"Certificaciones Taller homologado Ph\u00f6nix Calibraci\u00f3n de V\u00e1lvulas de Seguridad Certificaciones de Soldadura\" \/>\n<meta property=\"og:url\" content=\"https:\/\/monmartank.com\/eu\/certificaciones-homologaciones\/\" \/>\n<meta property=\"og:site_name\" content=\"Montajes Marzo\" \/>\n<meta property=\"article:modified_time\" content=\"2024-02-25T11:07:03+00:00\" \/>\n<meta property=\"og:image\" content=\"https:\/\/monmartank.com\/wp-content\/uploads\/2024\/02\/Phonix-229x300.png\" \/>\n<meta name=\"twitter:card\" content=\"summary_large_image\" \/>\n<meta name=\"twitter:label1\" content=\"Est. reading time\" \/>\n\t<meta name=\"twitter:data1\" content=\"1 minutua\" \/>\n<script type=\"application\/ld+json\" class=\"yoast-schema-graph\">{\"@context\":\"https:\\\/\\\/schema.org\",\"@graph\":[{\"@type\":\"WebPage\",\"@id\":\"https:\\\/\\\/monmartank.com\\\/certificaciones-homologaciones\\\/\",\"url\":\"https:\\\/\\\/monmartank.com\\\/certificaciones-homologaciones\\\/\",\"name\":\"Certificaciones \\\/ Homologaciones - Montajes Marzo\",\"isPartOf\":{\"@id\":\"https:\\\/\\\/monmartank.com\\\/#website\"},\"primaryImageOfPage\":{\"@id\":\"https:\\\/\\\/monmartank.com\\\/certificaciones-homologaciones\\\/#primaryimage\"},\"image\":{\"@id\":\"https:\\\/\\\/monmartank.com\\\/certificaciones-homologaciones\\\/#primaryimage\"},\"thumbnailUrl\":\"https:\\\/\\\/monmartank.com\\\/wp-content\\\/uploads\\\/2024\\\/02\\\/Phonix-229x300.png\",\"datePublished\":\"2023-11-06T09:43:44+00:00\",\"dateModified\":\"2024-02-25T11:07:03+00:00\",\"breadcrumb\":{\"@id\":\"https:\\\/\\\/monmartank.com\\\/certificaciones-homologaciones\\\/#breadcrumb\"},\"inLanguage\":\"eu\",\"potentialAction\":[{\"@type\":\"ReadAction\",\"target\":[\"https:\\\/\\\/monmartank.com\\\/certificaciones-homologaciones\\\/\"]}]},{\"@type\":\"ImageObject\",\"inLanguage\":\"eu\",\"@id\":\"https:\\\/\\\/monmartank.com\\\/certificaciones-homologaciones\\\/#primaryimage\",\"url\":\"https:\\\/\\\/monmartank.com\\\/wp-content\\\/uploads\\\/2024\\\/02\\\/Phonix-229x300.png\",\"contentUrl\":\"https:\\\/\\\/monmartank.com\\\/wp-content\\\/uploads\\\/2024\\\/02\\\/Phonix-229x300.png\"},{\"@type\":\"BreadcrumbList\",\"@id\":\"https:\\\/\\\/monmartank.com\\\/certificaciones-homologaciones\\\/#breadcrumb\",\"itemListElement\":[{\"@type\":\"ListItem\",\"position\":1,\"name\":\"Portada\",\"item\":\"https:\\\/\\\/monmartank.com\\\/\"},{\"@type\":\"ListItem\",\"position\":2,\"name\":\"Certificaciones \\\/ Homologaciones\"}]},{\"@type\":\"WebSite\",\"@id\":\"https:\\\/\\\/monmartank.com\\\/#website\",\"url\":\"https:\\\/\\\/monmartank.com\\\/\",\"name\":\"Montajes Marzo\",\"description\":\"Revisiones periodicas y reparaci\u00f3n de contenedores Cisterna\",\"publisher\":{\"@id\":\"https:\\\/\\\/monmartank.com\\\/#organization\"},\"potentialAction\":[{\"@type\":\"SearchAction\",\"target\":{\"@type\":\"EntryPoint\",\"urlTemplate\":\"https:\\\/\\\/monmartank.com\\\/?s={search_term_string}\"},\"query-input\":{\"@type\":\"PropertyValueSpecification\",\"valueRequired\":true,\"valueName\":\"search_term_string\"}}],\"inLanguage\":\"eu\"},{\"@type\":\"Organization\",\"@id\":\"https:\\\/\\\/monmartank.com\\\/#organization\",\"name\":\"Montajes Marzo\",\"url\":\"https:\\\/\\\/monmartank.com\\\/\",\"logo\":{\"@type\":\"ImageObject\",\"inLanguage\":\"eu\",\"@id\":\"https:\\\/\\\/monmartank.com\\\/#\\\/schema\\\/logo\\\/image\\\/\",\"url\":\"https:\\\/\\\/monmartank.com\\\/wp-content\\\/uploads\\\/2023\\\/09\\\/cropped-3-Juan-Manuel-Marzo-01.png\",\"contentUrl\":\"https:\\\/\\\/monmartank.com\\\/wp-content\\\/uploads\\\/2023\\\/09\\\/cropped-3-Juan-Manuel-Marzo-01.png\",\"width\":746,\"height\":770,\"caption\":\"Montajes Marzo\"},\"image\":{\"@id\":\"https:\\\/\\\/monmartank.com\\\/#\\\/schema\\\/logo\\\/image\\\/\"}}]}<\/script>\n<!-- \/ Yoast SEO plugin. -->","yoast_head_json":{"title":"Certificaciones \/ Homologaciones - Montajes Marzo","robots":{"index":"index","follow":"follow","max-snippet":"max-snippet:-1","max-image-preview":"max-image-preview:large","max-video-preview":"max-video-preview:-1"},"canonical":"https:\/\/monmartank.com\/eu\/certificaciones-homologaciones\/","og_locale":"en_US","og_type":"article","og_title":"Certificaciones \/ Homologaciones - Montajes Marzo","og_description":"Certificaciones Taller homologado Ph\u00f6nix Calibraci\u00f3n de V\u00e1lvulas de Seguridad Certificaciones de Soldadura","og_url":"https:\/\/monmartank.com\/eu\/certificaciones-homologaciones\/","og_site_name":"Montajes Marzo","article_modified_time":"2024-02-25T11:07:03+00:00","og_image":[{"url":"https:\/\/monmartank.com\/wp-content\/uploads\/2024\/02\/Phonix-229x300.png","type":"","width":"","height":""}],"twitter_card":"summary_large_image","twitter_misc":{"Est. reading time":"1 minutua"},"schema":{"@context":"https:\/\/schema.org","@graph":[{"@type":"WebPage","@id":"https:\/\/monmartank.com\/certificaciones-homologaciones\/","url":"https:\/\/monmartank.com\/certificaciones-homologaciones\/","name":"Certificaciones \/ Homologaciones - Montajes Marzo","isPartOf":{"@id":"https:\/\/monmartank.com\/#website"},"primaryImageOfPage":{"@id":"https:\/\/monmartank.com\/certificaciones-homologaciones\/#primaryimage"},"image":{"@id":"https:\/\/monmartank.com\/certificaciones-homologaciones\/#primaryimage"},"thumbnailUrl":"https:\/\/monmartank.com\/wp-content\/uploads\/2024\/02\/Phonix-229x300.png","datePublished":"2023-11-06T09:43:44+00:00","dateModified":"2024-02-25T11:07:03+00:00","breadcrumb":{"@id":"https:\/\/monmartank.com\/certificaciones-homologaciones\/#breadcrumb"},"inLanguage":"eu","potentialAction":[{"@type":"ReadAction","target":["https:\/\/monmartank.com\/certificaciones-homologaciones\/"]}]},{"@type":"ImageObject","inLanguage":"eu","@id":"https:\/\/monmartank.com\/certificaciones-homologaciones\/#primaryimage","url":"https:\/\/monmartank.com\/wp-content\/uploads\/2024\/02\/Phonix-229x300.png","contentUrl":"https:\/\/monmartank.com\/wp-content\/uploads\/2024\/02\/Phonix-229x300.png"},{"@type":"BreadcrumbList","@id":"https:\/\/monmartank.com\/certificaciones-homologaciones\/#breadcrumb","itemListElement":[{"@type":"ListItem","position":1,"name":"Portada","item":"https:\/\/monmartank.com\/"},{"@type":"ListItem","position":2,"name":"Certificaciones \/ Homologaciones"}]},{"@type":"WebSite","@id":"https:\/\/monmartank.com\/#website","url":"https:\/\/monmartank.com\/","name":"Montajes Marzo","description":"Revisiones periodicas y reparaci\u00f3n de contenedores Cisterna","publisher":{"@id":"https:\/\/monmartank.com\/#organization"},"potentialAction":[{"@type":"SearchAction","target":{"@type":"EntryPoint","urlTemplate":"https:\/\/monmartank.com\/?s={search_term_string}"},"query-input":{"@type":"PropertyValueSpecification","valueRequired":true,"valueName":"search_term_string"}}],"inLanguage":"eu"},{"@type":"Organization","@id":"https:\/\/monmartank.com\/#organization","name":"Montajes Marzo","url":"https:\/\/monmartank.com\/","logo":{"@type":"ImageObject","inLanguage":"eu","@id":"https:\/\/monmartank.com\/#\/schema\/logo\/image\/","url":"https:\/\/monmartank.com\/wp-content\/uploads\/2023\/09\/cropped-3-Juan-Manuel-Marzo-01.png","contentUrl":"https:\/\/monmartank.com\/wp-content\/uploads\/2023\/09\/cropped-3-Juan-Manuel-Marzo-01.png","width":746,"height":770,"caption":"Montajes Marzo"},"image":{"@id":"https:\/\/monmartank.com\/#\/schema\/logo\/image\/"}}]}},"_links":{"self":[{"href":"https:\/\/monmartank.com\/eu\/wp-json\/wp\/v2\/pages\/566","targetHints":{"allow":["GET"]}}],"collection":[{"href":"https:\/\/monmartank.com\/eu\/wp-json\/wp\/v2\/pages"}],"about":[{"href":"https:\/\/monmartank.com\/eu\/wp-json\/wp\/v2\/types\/page"}],"author":[{"embeddable":true,"href":"https:\/\/monmartank.com\/eu\/wp-json\/wp\/v2\/users\/1"}],"replies":[{"embeddable":true,"href":"https:\/\/monmartank.com\/eu\/wp-json\/wp\/v2\/comments?post=566"}],"version-history":[{"count":22,"href":"https:\/\/monmartank.com\/eu\/wp-json\/wp\/v2\/pages\/566\/revisions"}],"predecessor-version":[{"id":737,"href":"https:\/\/monmartank.com\/eu\/wp-json\/wp\/v2\/pages\/566\/revisions\/737"}],"wp:attachment":[{"href":"https:\/\/monmartank.com\/eu\/wp-json\/wp\/v2\/media?parent=566"}],"curies":[{"name":"wp","href":"https:\/\/api.w.org\/{rel}","templated":true}]}}