{"id":567,"date":"2023-11-06T09:43:49","date_gmt":"2023-11-06T09:43:49","guid":{"rendered":"https:\/\/web4.rkinformatika.net\/monmartank\/?page_id=567"},"modified":"2024-02-15T09:41:50","modified_gmt":"2024-02-15T09:41:50","slug":"otros-servicios","status":"publish","type":"page","link":"https:\/\/monmartank.com\/eu\/otros-servicios\/","title":{"rendered":"Otros Servicios"},"content":{"rendered":"<div data-elementor-type=\"wp-page\" data-elementor-id=\"567\" class=\"elementor elementor-567\" data-elementor-post-type=\"page\">\n\t\t\t\t<div class=\"elementor-element elementor-element-8b3c6f6 e-flex e-con-boxed e-con e-parent\" data-id=\"8b3c6f6\" data-element_type=\"container\" data-e-type=\"container\">\n\t\t\t\t\t<div class=\"e-con-inner\">\n\t\t<div class=\"elementor-element elementor-element-3fef932 e-flex e-con-boxed e-con e-child\" data-id=\"3fef932\" data-element_type=\"container\" data-e-type=\"container\">\n\t\t\t\t\t<div class=\"e-con-inner\">\n\t\t<div class=\"elementor-element elementor-element-1118661 e-flex e-con-boxed e-con e-child\" data-id=\"1118661\" data-element_type=\"container\" data-e-type=\"container\">\n\t\t\t\t\t<div class=\"e-con-inner\">\n\t\t<div class=\"elementor-element elementor-element-9e4f6f6 e-con-full e-flex e-con e-child\" data-id=\"9e4f6f6\" data-element_type=\"container\" data-e-type=\"container\">\n\t\t\t\t<div class=\"elementor-element elementor-element-9e84fe2 elementor-widget elementor-widget-heading\" data-id=\"9e84fe2\" data-element_type=\"widget\" data-e-type=\"widget\" data-widget_type=\"heading.default\">\n\t\t\t\t<div class=\"elementor-widget-container\">\n\t\t\t\t\t<h2 class=\"elementor-heading-title elementor-size-default\">Otros servicios<\/h2>\t\t\t\t<\/div>\n\t\t\t\t<\/div>\n\t\t\t\t<div class=\"elementor-element elementor-element-8d30331 elementor-widget elementor-widget-text-editor\" data-id=\"8d30331\" data-element_type=\"widget\" data-e-type=\"widget\" data-widget_type=\"text-editor.default\">\n\t\t\t\t<div class=\"elementor-widget-container\">\n\t\t\t\t\t\t\t\t\t<p>Ofrecemos servicios especializados en calderer\u00eda, como montajes industriales, estructuras y trabajos en metales. Tambi\u00e9n brindamos servicios de fabricaci\u00f3n personalizados, soldadura y reparaci\u00f3n de l\u00e1minas y tuber\u00edas. Adem\u00e1s, ofrecemos soluciones integradas para proyectos industriales, desde el dise\u00f1o hasta el mantenimiento. Contamos con un equipo altamente capacitado y una reputaci\u00f3n s\u00f3lida en cuanto a calidad y atenci\u00f3n al cliente, lo que nos convierte en una opci\u00f3n ideal para empresas y particulares que buscan soluciones personalizadas y de alta calidad.<\/p>\n<ul>\n<li>Calderer\u00eda<\/li>\n<li>Construcci\u00f3n de estructuras<\/li>\n<li>Trabajos en acero<\/li>\n<li>Otros metales<\/li>\n<\/ul>\t\t\t\t\t\t\t\t<\/div>\n\t\t\t\t<\/div>\n\t\t\t\t<\/div>\n\t\t<div class=\"elementor-element elementor-element-0df8203 e-con-full e-flex e-con e-child\" data-id=\"0df8203\" data-element_type=\"container\" data-e-type=\"container\" data-settings=\"{&quot;background_background&quot;:&quot;classic&quot;}\">\n\t\t\t\t<div class=\"elementor-element elementor-element-576e41a elementor-widget elementor-widget-image\" data-id=\"576e41a\" data-element_type=\"widget\" data-e-type=\"widget\" data-widget_type=\"image.default\">\n\t\t\t\t<div class=\"elementor-widget-container\">\n\t\t\t\t\t\t\t\t\t\t\t\t\t\t\t<img fetchpriority=\"high\" decoding=\"async\" width=\"1025\" height=\"1536\" src=\"https:\/\/monmartank.com\/wp-content\/uploads\/2024\/02\/side-view-of-manufacture-worker-welding-metal-with-sparks-at-factory-1025x1536.jpg\" class=\"attachment-1536x1536 size-1536x1536 wp-image-713\" alt=\"side view of manufacture worker welding metal with sparks at factory\" srcset=\"https:\/\/monmartank.com\/wp-content\/uploads\/2024\/02\/side-view-of-manufacture-worker-welding-metal-with-sparks-at-factory-1025x1536.jpg 1025w, https:\/\/monmartank.com\/wp-content\/uploads\/2024\/02\/side-view-of-manufacture-worker-welding-metal-with-sparks-at-factory-200x300.jpg 200w, https:\/\/monmartank.com\/wp-content\/uploads\/2024\/02\/side-view-of-manufacture-worker-welding-metal-with-sparks-at-factory-684x1024.jpg 684w, https:\/\/monmartank.com\/wp-content\/uploads\/2024\/02\/side-view-of-manufacture-worker-welding-metal-with-sparks-at-factory-768x1151.jpg 768w, https:\/\/monmartank.com\/wp-content\/uploads\/2024\/02\/side-view-of-manufacture-worker-welding-metal-with-sparks-at-factory-8x12.jpg 8w, https:\/\/monmartank.com\/wp-content\/uploads\/2024\/02\/side-view-of-manufacture-worker-welding-metal-with-sparks-at-factory.jpg 1335w\" sizes=\"(max-width: 1025px) 100vw, 1025px\" \/>\t\t\t\t\t\t\t\t\t\t\t\t\t\t\t<\/div>\n\t\t\t\t<\/div>\n\t\t\t\t<\/div>\n\t\t\t\t\t<\/div>\n\t\t\t\t<\/div>\n\t\t\t\t\t<\/div>\n\t\t\t\t<\/div>\n\t\t\t\t\t<\/div>\n\t\t\t\t<\/div>\n\t\t\t\t<\/div>","protected":false},"excerpt":{"rendered":"<p>Otros servicios Ofrecemos servicios especializados en calderer\u00eda, como montajes industriales, estructuras y trabajos en metales. Tambi\u00e9n brindamos servicios de fabricaci\u00f3n personalizados, soldadura y reparaci\u00f3n de l\u00e1minas y tuber\u00edas. Adem\u00e1s, ofrecemos soluciones integradas para proyectos industriales, desde el dise\u00f1o hasta el mantenimiento. Contamos con un equipo altamente capacitado y una reputaci\u00f3n s\u00f3lida en cuanto a calidad [&hellip;]<\/p>\n","protected":false},"author":1,"featured_media":0,"parent":0,"menu_order":0,"comment_status":"closed","ping_status":"closed","template":"elementor_canvas","meta":{"footnotes":""},"class_list":["post-567","page","type-page","status-publish","hentry"],"yoast_head":"<!-- This site is optimized with the Yoast SEO plugin v27.5 - https:\/\/yoast.com\/product\/yoast-seo-wordpress\/ -->\n<title>Otros Servicios - Montajes Marzo<\/title>\n<meta name=\"robots\" content=\"index, follow, max-snippet:-1, max-image-preview:large, max-video-preview:-1\" \/>\n<link rel=\"canonical\" href=\"https:\/\/monmartank.com\/eu\/otros-servicios\/\" \/>\n<meta property=\"og:locale\" content=\"en_US\" \/>\n<meta property=\"og:type\" content=\"article\" \/>\n<meta property=\"og:title\" content=\"Otros Servicios - Montajes Marzo\" \/>\n<meta property=\"og:description\" content=\"Otros servicios Ofrecemos servicios especializados en calderer\u00eda, como montajes industriales, estructuras y trabajos en metales. Tambi\u00e9n brindamos servicios de fabricaci\u00f3n personalizados, soldadura y reparaci\u00f3n de l\u00e1minas y tuber\u00edas. Adem\u00e1s, ofrecemos soluciones integradas para proyectos industriales, desde el dise\u00f1o hasta el mantenimiento. Contamos con un equipo altamente capacitado y una reputaci\u00f3n s\u00f3lida en cuanto a calidad [&hellip;]\" \/>\n<meta property=\"og:url\" content=\"https:\/\/monmartank.com\/eu\/otros-servicios\/\" \/>\n<meta property=\"og:site_name\" content=\"Montajes Marzo\" \/>\n<meta property=\"article:modified_time\" content=\"2024-02-15T09:41:50+00:00\" \/>\n<meta property=\"og:image\" content=\"https:\/\/monmartank.com\/wp-content\/uploads\/2024\/02\/side-view-of-manufacture-worker-welding-metal-with-sparks-at-factory-1025x1536.jpg\" \/>\n<meta name=\"twitter:card\" content=\"summary_large_image\" \/>\n<meta name=\"twitter:label1\" content=\"Est. reading time\" \/>\n\t<meta name=\"twitter:data1\" content=\"1 minutua\" \/>\n<script type=\"application\/ld+json\" class=\"yoast-schema-graph\">{\"@context\":\"https:\\\/\\\/schema.org\",\"@graph\":[{\"@type\":\"WebPage\",\"@id\":\"https:\\\/\\\/monmartank.com\\\/otros-servicios\\\/\",\"url\":\"https:\\\/\\\/monmartank.com\\\/otros-servicios\\\/\",\"name\":\"Otros Servicios - Montajes Marzo\",\"isPartOf\":{\"@id\":\"https:\\\/\\\/monmartank.com\\\/#website\"},\"primaryImageOfPage\":{\"@id\":\"https:\\\/\\\/monmartank.com\\\/otros-servicios\\\/#primaryimage\"},\"image\":{\"@id\":\"https:\\\/\\\/monmartank.com\\\/otros-servicios\\\/#primaryimage\"},\"thumbnailUrl\":\"https:\\\/\\\/monmartank.com\\\/wp-content\\\/uploads\\\/2024\\\/02\\\/side-view-of-manufacture-worker-welding-metal-with-sparks-at-factory-1025x1536.jpg\",\"datePublished\":\"2023-11-06T09:43:49+00:00\",\"dateModified\":\"2024-02-15T09:41:50+00:00\",\"breadcrumb\":{\"@id\":\"https:\\\/\\\/monmartank.com\\\/otros-servicios\\\/#breadcrumb\"},\"inLanguage\":\"eu\",\"potentialAction\":[{\"@type\":\"ReadAction\",\"target\":[\"https:\\\/\\\/monmartank.com\\\/otros-servicios\\\/\"]}]},{\"@type\":\"ImageObject\",\"inLanguage\":\"eu\",\"@id\":\"https:\\\/\\\/monmartank.com\\\/otros-servicios\\\/#primaryimage\",\"url\":\"https:\\\/\\\/monmartank.com\\\/wp-content\\\/uploads\\\/2024\\\/02\\\/side-view-of-manufacture-worker-welding-metal-with-sparks-at-factory-1025x1536.jpg\",\"contentUrl\":\"https:\\\/\\\/monmartank.com\\\/wp-content\\\/uploads\\\/2024\\\/02\\\/side-view-of-manufacture-worker-welding-metal-with-sparks-at-factory-1025x1536.jpg\"},{\"@type\":\"BreadcrumbList\",\"@id\":\"https:\\\/\\\/monmartank.com\\\/otros-servicios\\\/#breadcrumb\",\"itemListElement\":[{\"@type\":\"ListItem\",\"position\":1,\"name\":\"Portada\",\"item\":\"https:\\\/\\\/monmartank.com\\\/\"},{\"@type\":\"ListItem\",\"position\":2,\"name\":\"Otros Servicios\"}]},{\"@type\":\"WebSite\",\"@id\":\"https:\\\/\\\/monmartank.com\\\/#website\",\"url\":\"https:\\\/\\\/monmartank.com\\\/\",\"name\":\"Montajes Marzo\",\"description\":\"Revisiones periodicas y reparaci\u00f3n de contenedores Cisterna\",\"publisher\":{\"@id\":\"https:\\\/\\\/monmartank.com\\\/#organization\"},\"potentialAction\":[{\"@type\":\"SearchAction\",\"target\":{\"@type\":\"EntryPoint\",\"urlTemplate\":\"https:\\\/\\\/monmartank.com\\\/?s={search_term_string}\"},\"query-input\":{\"@type\":\"PropertyValueSpecification\",\"valueRequired\":true,\"valueName\":\"search_term_string\"}}],\"inLanguage\":\"eu\"},{\"@type\":\"Organization\",\"@id\":\"https:\\\/\\\/monmartank.com\\\/#organization\",\"name\":\"Montajes Marzo\",\"url\":\"https:\\\/\\\/monmartank.com\\\/\",\"logo\":{\"@type\":\"ImageObject\",\"inLanguage\":\"eu\",\"@id\":\"https:\\\/\\\/monmartank.com\\\/#\\\/schema\\\/logo\\\/image\\\/\",\"url\":\"https:\\\/\\\/monmartank.com\\\/wp-content\\\/uploads\\\/2023\\\/09\\\/cropped-3-Juan-Manuel-Marzo-01.png\",\"contentUrl\":\"https:\\\/\\\/monmartank.com\\\/wp-content\\\/uploads\\\/2023\\\/09\\\/cropped-3-Juan-Manuel-Marzo-01.png\",\"width\":746,\"height\":770,\"caption\":\"Montajes Marzo\"},\"image\":{\"@id\":\"https:\\\/\\\/monmartank.com\\\/#\\\/schema\\\/logo\\\/image\\\/\"}}]}<\/script>\n<!-- \/ Yoast SEO plugin. -->","yoast_head_json":{"title":"Otros Servicios - Montajes Marzo","robots":{"index":"index","follow":"follow","max-snippet":"max-snippet:-1","max-image-preview":"max-image-preview:large","max-video-preview":"max-video-preview:-1"},"canonical":"https:\/\/monmartank.com\/eu\/otros-servicios\/","og_locale":"en_US","og_type":"article","og_title":"Otros Servicios - Montajes Marzo","og_description":"Otros servicios Ofrecemos servicios especializados en calderer\u00eda, como montajes industriales, estructuras y trabajos en metales. Tambi\u00e9n brindamos servicios de fabricaci\u00f3n personalizados, soldadura y reparaci\u00f3n de l\u00e1minas y tuber\u00edas. Adem\u00e1s, ofrecemos soluciones integradas para proyectos industriales, desde el dise\u00f1o hasta el mantenimiento. Contamos con un equipo altamente capacitado y una reputaci\u00f3n s\u00f3lida en cuanto a calidad [&hellip;]","og_url":"https:\/\/monmartank.com\/eu\/otros-servicios\/","og_site_name":"Montajes Marzo","article_modified_time":"2024-02-15T09:41:50+00:00","og_image":[{"url":"https:\/\/monmartank.com\/wp-content\/uploads\/2024\/02\/side-view-of-manufacture-worker-welding-metal-with-sparks-at-factory-1025x1536.jpg","type":"","width":"","height":""}],"twitter_card":"summary_large_image","twitter_misc":{"Est. reading time":"1 minutua"},"schema":{"@context":"https:\/\/schema.org","@graph":[{"@type":"WebPage","@id":"https:\/\/monmartank.com\/otros-servicios\/","url":"https:\/\/monmartank.com\/otros-servicios\/","name":"Otros Servicios - Montajes Marzo","isPartOf":{"@id":"https:\/\/monmartank.com\/#website"},"primaryImageOfPage":{"@id":"https:\/\/monmartank.com\/otros-servicios\/#primaryimage"},"image":{"@id":"https:\/\/monmartank.com\/otros-servicios\/#primaryimage"},"thumbnailUrl":"https:\/\/monmartank.com\/wp-content\/uploads\/2024\/02\/side-view-of-manufacture-worker-welding-metal-with-sparks-at-factory-1025x1536.jpg","datePublished":"2023-11-06T09:43:49+00:00","dateModified":"2024-02-15T09:41:50+00:00","breadcrumb":{"@id":"https:\/\/monmartank.com\/otros-servicios\/#breadcrumb"},"inLanguage":"eu","potentialAction":[{"@type":"ReadAction","target":["https:\/\/monmartank.com\/otros-servicios\/"]}]},{"@type":"ImageObject","inLanguage":"eu","@id":"https:\/\/monmartank.com\/otros-servicios\/#primaryimage","url":"https:\/\/monmartank.com\/wp-content\/uploads\/2024\/02\/side-view-of-manufacture-worker-welding-metal-with-sparks-at-factory-1025x1536.jpg","contentUrl":"https:\/\/monmartank.com\/wp-content\/uploads\/2024\/02\/side-view-of-manufacture-worker-welding-metal-with-sparks-at-factory-1025x1536.jpg"},{"@type":"BreadcrumbList","@id":"https:\/\/monmartank.com\/otros-servicios\/#breadcrumb","itemListElement":[{"@type":"ListItem","position":1,"name":"Portada","item":"https:\/\/monmartank.com\/"},{"@type":"ListItem","position":2,"name":"Otros Servicios"}]},{"@type":"WebSite","@id":"https:\/\/monmartank.com\/#website","url":"https:\/\/monmartank.com\/","name":"Montajes Marzo","description":"Revisiones periodicas y reparaci\u00f3n de contenedores Cisterna","publisher":{"@id":"https:\/\/monmartank.com\/#organization"},"potentialAction":[{"@type":"SearchAction","target":{"@type":"EntryPoint","urlTemplate":"https:\/\/monmartank.com\/?s={search_term_string}"},"query-input":{"@type":"PropertyValueSpecification","valueRequired":true,"valueName":"search_term_string"}}],"inLanguage":"eu"},{"@type":"Organization","@id":"https:\/\/monmartank.com\/#organization","name":"Montajes Marzo","url":"https:\/\/monmartank.com\/","logo":{"@type":"ImageObject","inLanguage":"eu","@id":"https:\/\/monmartank.com\/#\/schema\/logo\/image\/","url":"https:\/\/monmartank.com\/wp-content\/uploads\/2023\/09\/cropped-3-Juan-Manuel-Marzo-01.png","contentUrl":"https:\/\/monmartank.com\/wp-content\/uploads\/2023\/09\/cropped-3-Juan-Manuel-Marzo-01.png","width":746,"height":770,"caption":"Montajes Marzo"},"image":{"@id":"https:\/\/monmartank.com\/#\/schema\/logo\/image\/"}}]}},"_links":{"self":[{"href":"https:\/\/monmartank.com\/eu\/wp-json\/wp\/v2\/pages\/567","targetHints":{"allow":["GET"]}}],"collection":[{"href":"https:\/\/monmartank.com\/eu\/wp-json\/wp\/v2\/pages"}],"about":[{"href":"https:\/\/monmartank.com\/eu\/wp-json\/wp\/v2\/types\/page"}],"author":[{"embeddable":true,"href":"https:\/\/monmartank.com\/eu\/wp-json\/wp\/v2\/users\/1"}],"replies":[{"embeddable":true,"href":"https:\/\/monmartank.com\/eu\/wp-json\/wp\/v2\/comments?post=567"}],"version-history":[{"count":48,"href":"https:\/\/monmartank.com\/eu\/wp-json\/wp\/v2\/pages\/567\/revisions"}],"predecessor-version":[{"id":722,"href":"https:\/\/monmartank.com\/eu\/wp-json\/wp\/v2\/pages\/567\/revisions\/722"}],"wp:attachment":[{"href":"https:\/\/monmartank.com\/eu\/wp-json\/wp\/v2\/media?parent=567"}],"curies":[{"name":"wp","href":"https:\/\/api.w.org\/{rel}","templated":true}]}}